{"id":10,"date":"2023-12-11T18:30:31","date_gmt":"2023-12-11T17:30:31","guid":{"rendered":"http:\/\/hypno2gether.org\/?page_id=10"},"modified":"2024-01-08T15:12:33","modified_gmt":"2024-01-08T14:12:33","slug":"formulaire-de-contact","status":"publish","type":"page","link":"https:\/\/hypno2gether.org\/index.php\/formulaire-de-contact\/","title":{"rendered":"Formulaire de contact"},"content":{"rendered":"\n<div class=\"wp-block-group is-layout-constrained wp-block-group-is-layout-constrained\">\n<div class=\"wp-block-group is-layout-constrained wp-container-core-group-is-layout-f14a1a8e wp-block-group-is-layout-constrained\" style=\"padding-top:0px;padding-right:var(--wp--preset--spacing--50);padding-bottom:0px;padding-left:var(--wp--preset--spacing--50)\">\n<div class=\"wp-block-group is-layout-constrained wp-container-core-group-is-layout-61f7a5d6 wp-block-group-is-layout-constrained\">\n<h1 class=\"wp-block-heading has-text-align-center blockpage-heading\" style=\"font-style:normal;font-weight:500\">Contactez nous<\/h1>\n\n\n\n<p class=\"has-text-align-center has-normal-font-size\" style=\"margin-top:50px;line-height:1.5\">Nous sommes ravis de pouvoir vous aider et r\u00e9pondre \u00e0 toutes vos questions. Veuillez remplir le formulaire ci-dessous, et nous vous contacterons dans les plus brefs d\u00e9lais.<\/p>\n<\/div>\n\n\n\n<div class=\"wp-block-contact-form-7-contact-form-selector\">\n<div class=\"wpcf7 no-js\" id=\"wpcf7-f279-o1\" lang=\"fr-FR\" dir=\"ltr\" data-wpcf7-id=\"279\">\n<div class=\"screen-reader-response\"><p role=\"status\" aria-live=\"polite\" aria-atomic=\"true\"><\/p> <ul><\/ul><\/div>\n<form action=\"\/index.php\/wp-json\/wp\/v2\/pages\/10#wpcf7-f279-o1\" method=\"post\" class=\"wpcf7-form init\" aria-label=\"Formulaire de contact\" enctype=\"multipart\/form-data\" novalidate=\"novalidate\" data-status=\"init\">\n<fieldset class=\"hidden-fields-container\"><input type=\"hidden\" name=\"_wpcf7\" value=\"279\" \/><input type=\"hidden\" name=\"_wpcf7_version\" value=\"6.1.5\" \/><input type=\"hidden\" name=\"_wpcf7_locale\" value=\"fr_FR\" \/><input type=\"hidden\" name=\"_wpcf7_unit_tag\" value=\"wpcf7-f279-o1\" \/><input type=\"hidden\" name=\"_wpcf7_container_post\" value=\"0\" \/><input type=\"hidden\" name=\"_wpcf7_posted_data_hash\" value=\"\" \/><input type=\"hidden\" name=\"_wpcf7_recaptcha_response\" value=\"\" \/>\n<\/fieldset>\n<p><label> Votre nom et pr\u00e9nom<br \/>\n<span class=\"wpcf7-form-control-wrap\" data-name=\"your-name\"><input size=\"40\" maxlength=\"400\" class=\"wpcf7-form-control wpcf7-text wpcf7-validates-as-required\" autocomplete=\"name\" aria-required=\"true\" aria-invalid=\"false\" value=\"\" type=\"text\" name=\"your-name\" \/><\/span> <\/label>\n<\/p>\n<p><label> Votre e-mail<br \/>\n<span class=\"wpcf7-form-control-wrap\" data-name=\"your-email\"><input size=\"40\" maxlength=\"400\" class=\"wpcf7-form-control wpcf7-email wpcf7-validates-as-required wpcf7-text wpcf7-validates-as-email\" autocomplete=\"email\" aria-required=\"true\" aria-invalid=\"false\" value=\"\" type=\"email\" name=\"your-email\" \/><\/span> <\/label>\n<\/p>\n<p><label> Votre t\u00e9l\u00e9phone<br \/>\n<span class=\"wpcf7-form-control-wrap\" data-name=\"tel-469\"><input size=\"40\" maxlength=\"400\" class=\"wpcf7-form-control wpcf7-tel wpcf7-text wpcf7-validates-as-tel\" aria-invalid=\"false\" value=\"\" type=\"tel\" name=\"tel-469\" \/><\/span> <\/label>\n<\/p>\n<p><label> Votre demande concerne :<br \/>\n<span class=\"wpcf7-form-control-wrap\" data-name=\"Choixdelobjet\"><select class=\"wpcf7-form-control wpcf7-select wpcf7-validates-as-required\" aria-required=\"true\" aria-invalid=\"false\" multiple=\"multiple\" name=\"Choixdelobjet[]\"><option value=\"Formation hypnose Ericksonienne\">Formation hypnose Ericksonienne<\/option><option value=\"Formation hypnose de spectacle\">Formation hypnose de spectacle<\/option><option value=\"Formation hypnose d\u00e9veloppement personnel\">Formation hypnose d\u00e9veloppement personnel<\/option><option value=\"Demande de partenariat\">Demande de partenariat<\/option><option value=\"Spectacle d&#039;hypnose Mission Exp\u00e9rimentale\">Spectacle d&#039;hypnose Mission Exp\u00e9rimentale<\/option><option value=\"Hypnose Solidaire\">Hypnose Solidaire<\/option><option value=\"Animation hypnose pour les particuliers\">Animation hypnose pour les particuliers<\/option><option value=\"Animation hypnose pour les professionnels\">Animation hypnose pour les professionnels<\/option><option value=\"Demande de devis\">Demande de devis<\/option><option value=\"Autre choix\">Autre choix<\/option><\/select><\/span> <\/label>\n<\/p>\n<p><label> Objet<br \/>\n<span class=\"wpcf7-form-control-wrap\" data-name=\"your-subject\"><input size=\"40\" maxlength=\"400\" class=\"wpcf7-form-control wpcf7-text wpcf7-validates-as-required\" aria-required=\"true\" aria-invalid=\"false\" value=\"\" type=\"text\" name=\"your-subject\" \/><\/span> <\/label>\n<\/p>\n<p><label> Votre message<br \/>\n<span class=\"wpcf7-form-control-wrap\" data-name=\"your-message\"><textarea cols=\"40\" rows=\"10\" maxlength=\"2000\" class=\"wpcf7-form-control wpcf7-textarea\" aria-invalid=\"false\" name=\"your-message\"><\/textarea><\/span> <\/label>\n<\/p>\n<p><label> Envoi de fichier ou dossier<br \/>\n<span class=\"wpcf7-form-control-wrap\" data-name=\"file-56\"><input size=\"40\" class=\"wpcf7-form-control wpcf7-file\" accept=\"image\/*,.txt,application\/pdf\" aria-invalid=\"false\" type=\"file\" name=\"file-56\" \/><\/span> <\/label>\n<\/p>\n<p><input class=\"wpcf7-form-control wpcf7-submit has-spinner\" type=\"submit\" value=\"Envoyer\" \/>\n<\/p><p style=\"display: none !important;\" class=\"akismet-fields-container\" data-prefix=\"_wpcf7_ak_\"><label>&#916;<textarea name=\"_wpcf7_ak_hp_textarea\" cols=\"45\" rows=\"8\" maxlength=\"100\"><\/textarea><\/label><input type=\"hidden\" id=\"ak_js_1\" name=\"_wpcf7_ak_js\" value=\"231\"\/><script>\ndocument.getElementById( \"ak_js_1\" ).setAttribute( \"value\", ( new Date() ).getTime() );\n<\/script>\n<\/p><div class=\"wpcf7-response-output\" aria-hidden=\"true\"><\/div>\n<\/form>\n<\/div>\n<\/div>\n\n\n\n<div class=\"wp-block-columns are-vertically-aligned-top is-layout-flex wp-container-core-columns-is-layout-dae819a5 wp-block-columns-is-layout-flex\" style=\"margin-top:70px\">\n<div class=\"wp-block-column is-vertically-aligned-top is-layout-flow wp-block-column-is-layout-flow\" style=\"padding-right:0;padding-left:0;flex-basis:55%\">\n<div class=\"wp-block-group has-background-alt-background-color has-background is-layout-constrained wp-container-core-group-is-layout-9f27b8cb wp-block-group-is-layout-constrained\" style=\"border-radius:7px;min-height:320px;margin-top:0px;padding-top:50px;padding-right:20px;padding-bottom:50px;padding-left:20px\">\n<figure class=\"wp-block-image aligncenter size-full is-resized\"><img decoding=\"async\" src=\"https:\/\/hypno2gether.org\/wp-content\/themes\/blockpage\/assets\/images\/icon_phone.png\" alt=\"\" class=\"wp-image-1714\" style=\"object-fit:cover;width:60px;height:60px\"\/><\/figure>\n\n\n\n<h4 class=\"wp-block-heading has-text-align-center has-large-font-size\" style=\"margin-top:32px;font-style:normal;font-weight:500\">T\u00e9l\u00e9phone :<\/h4>\n\n\n\n<ul style=\"padding-right:0;padding-left:0;font-style:normal;font-weight:400\" class=\"is-style-list-style-no-bullet blockpage-list-centered has-foreground-color has-text-color has-medium-font-size wp-block-list\">\n<li class=\"has-medium-font-size\" style=\"font-style:normal;font-weight:400\">+33 6 60 57 17 70<\/li>\n<\/ul>\n<\/div>\n<\/div>\n\n\n\n<div class=\"wp-block-column is-vertically-aligned-top is-layout-flow wp-container-core-column-is-layout-119bc444 wp-block-column-is-layout-flow\" style=\"flex-basis:45%\">\n<div class=\"wp-block-group has-background-alt-background-color has-background is-layout-constrained wp-container-core-group-is-layout-9f27b8cb wp-block-group-is-layout-constrained\" style=\"border-radius:7px;min-height:320px;margin-top:0px;padding-top:50px;padding-right:20px;padding-bottom:50px;padding-left:20px\">\n<figure class=\"wp-block-image aligncenter size-full is-resized\"><img decoding=\"async\" src=\"https:\/\/hypno2gether.org\/wp-content\/themes\/blockpage\/assets\/images\/icon_location.png\" alt=\"\" class=\"wp-image-1712\" style=\"object-fit:cover;width:60px;height:60px\"\/><\/figure>\n\n\n\n<h4 class=\"wp-block-heading has-text-align-center has-large-font-size\" style=\"margin-top:32px;font-style:normal;font-weight:500\">Addresse :<\/h4>\n\n\n\n<ul style=\"padding-right:0;padding-left:0;font-style:normal;font-weight:400\" class=\"is-style-list-style-no-bullet blockpage-list-centered has-foreground-color has-text-color has-medium-font-size wp-block-list\">\n<li class=\"has-medium-font-size\" style=\"font-style:normal;font-weight:400\">17, rue des Onze-Arpents, 77230 Saint-Mard<\/li>\n<\/ul>\n<\/div>\n<\/div>\n\n\n\n<div class=\"wp-block-column is-vertically-aligned-top is-layout-flow wp-block-column-is-layout-flow\" style=\"padding-right:0;padding-left:0;flex-basis:55%\">\n<div class=\"wp-block-group has-background-alt-background-color has-background is-layout-constrained wp-container-core-group-is-layout-9f27b8cb wp-block-group-is-layout-constrained\" style=\"border-radius:7px;min-height:320px;margin-top:0px;padding-top:50px;padding-right:20px;padding-bottom:50px;padding-left:20px\">\n<figure class=\"wp-block-image aligncenter size-full is-resized\"><img decoding=\"async\" src=\"https:\/\/hypno2gether.org\/wp-content\/themes\/blockpage\/assets\/images\/icon_email.png\" alt=\"\" class=\"wp-image-1712\" style=\"object-fit:cover;width:60px;height:60px\"\/><\/figure>\n\n\n\n<h4 class=\"wp-block-heading has-text-align-center has-large-font-size\" style=\"margin-top:32px;font-style:normal;font-weight:500\">Email :<\/h4>\n\n\n\n<ul style=\"padding-right:0;padding-left:0;font-style:normal;font-weight:400\" class=\"is-style-list-style-no-bullet blockpage-list-centered has-foreground-color has-text-color has-medium-font-size wp-block-list\">\n<li style=\"font-size:clamp(14px, 0.875rem + ((1vw - 3.2px) * 0.625), 20px);font-style:normal;font-weight:400\">contact@hypno2gether.org<\/li>\n<\/ul>\n<\/div>\n<\/div>\n<\/div>\n<\/div>\n<\/div>\n","protected":false},"excerpt":{"rendered":"<p>Contactez nous Nous sommes ravis de pouvoir vous aider et r\u00e9pondre \u00e0 toutes vos questions. Veuillez remplir le formulaire ci-dessous, et nous vous contacterons dans les plus brefs d\u00e9lais&#8230;.<\/p>\n","protected":false},"author":1,"featured_media":0,"parent":0,"menu_order":0,"comment_status":"closed","ping_status":"closed","template":"","meta":{"ngg_post_thumbnail":0,"_price":"","_stock":"","_tribe_ticket_header":"","_tribe_default_ticket_provider":"","_tribe_ticket_capacity":"0","_ticket_start_date":"","_ticket_end_date":"","_tribe_ticket_show_description":"","_tribe_ticket_show_not_going":false,"_tribe_ticket_use_global_stock":"","_tribe_ticket_global_stock_level":"","_global_stock_mode":"","_global_stock_cap":"","_tribe_rsvp_for_event":"","_tribe_ticket_going_count":"","_tribe_ticket_not_going_count":"","_tribe_tickets_list":"[]","_tribe_ticket_has_attendee_info_fields":false,"_EventAllDay":false,"_EventTimezone":"","_EventStartDate":"","_EventEndDate":"","_EventStartDateUTC":"","_EventEndDateUTC":"","_EventShowMap":false,"_EventShowMapLink":false,"_EventURL":"","_EventCost":"","_EventCostDescription":"","_EventCurrencySymbol":"","_EventCurrencyCode":"","_EventCurrencyPosition":"","_EventDateTimeSeparator":"","_EventTimeRangeSeparator":"","_EventOrganizerID":[],"_EventVenueID":[],"_OrganizerEmail":"","_OrganizerPhone":"","_OrganizerWebsite":"","_VenueAddress":"","_VenueCity":"","_VenueCountry":"","_VenueProvince":"","_VenueState":"","_VenueZip":"","_VenuePhone":"","_VenueURL":"","_VenueStateProvince":"","_VenueLat":"","_VenueLng":"","_VenueShowMap":false,"_VenueShowMapLink":false,"footnotes":"","_tec_slr_enabled":"","_tec_slr_layout":""},"class_list":["post-10","page","type-page","status-publish","hentry"],"ticketed":false,"_links":{"self":[{"href":"https:\/\/hypno2gether.org\/index.php\/wp-json\/wp\/v2\/pages\/10","targetHints":{"allow":["GET"]}}],"collection":[{"href":"https:\/\/hypno2gether.org\/index.php\/wp-json\/wp\/v2\/pages"}],"about":[{"href":"https:\/\/hypno2gether.org\/index.php\/wp-json\/wp\/v2\/types\/page"}],"author":[{"embeddable":true,"href":"https:\/\/hypno2gether.org\/index.php\/wp-json\/wp\/v2\/users\/1"}],"replies":[{"embeddable":true,"href":"https:\/\/hypno2gether.org\/index.php\/wp-json\/wp\/v2\/comments?post=10"}],"version-history":[{"count":24,"href":"https:\/\/hypno2gether.org\/index.php\/wp-json\/wp\/v2\/pages\/10\/revisions"}],"predecessor-version":[{"id":499,"href":"https:\/\/hypno2gether.org\/index.php\/wp-json\/wp\/v2\/pages\/10\/revisions\/499"}],"wp:attachment":[{"href":"https:\/\/hypno2gether.org\/index.php\/wp-json\/wp\/v2\/media?parent=10"}],"curies":[{"name":"wp","href":"https:\/\/api.w.org\/{rel}","templated":true}]}}